{"id":6140,"date":"2024-08-07T16:35:50","date_gmt":"2024-08-07T13:35:50","guid":{"rendered":"https:\/\/www.modusdance.lt\/?page_id=6140"},"modified":"2024-08-08T13:54:11","modified_gmt":"2024-08-08T10:54:11","slug":"vestuvinis-sokis","status":"publish","type":"page","link":"https:\/\/www.modusdance.lt\/ru\/vestuvinis-sokis\/","title":{"rendered":"Vestuvinis \u0161okis"},"content":{"rendered":"\t\t<div data-elementor-type=\"wp-page\" data-elementor-id=\"6140\" class=\"elementor elementor-6140\" data-elementor-post-type=\"page\">\n\t\t\t\t\t\t<section class=\"elementor-section elementor-top-section elementor-element elementor-element-24def1d mkdf-elementor-row-grid-section elementor-section-boxed elementor-section-height-default elementor-section-height-default mkdf-parallax-row-no mkdf-content-aligment-left mkdf-disabled-bg-image-bellow-no mkdf-row-btt-light\" data-id=\"24def1d\" data-element_type=\"section\" data-e-type=\"section\">\n\t\t\t\t\t\t<div class=\"elementor-container elementor-column-gap-default\">\n\t\t\t\t\t<div class=\"elementor-column elementor-col-50 elementor-top-column elementor-element elementor-element-afd1fab\" data-id=\"afd1fab\" data-element_type=\"column\" data-e-type=\"column\">\n\t\t\t<div class=\"elementor-widget-wrap elementor-element-populated\">\n\t\t\t\t\t\t<div class=\"elementor-element elementor-element-1322b53 elementor-widget elementor-widget-mkdf_section_title\" data-id=\"1322b53\" data-element_type=\"widget\" data-e-type=\"widget\" data-widget_type=\"mkdf_section_title.default\">\n\t\t\t\t<div class=\"elementor-widget-container\">\n\t\t\t\t\t\n<div class=\"mkdf-section-title-holder  \" >\n\t<div class=\"mkdf-st-inner\">\n\t\t\t\t\t<h1 class=\"mkdf-st-title\" >\n\t\t\t\t\t\t\t\tVestuvinis \u0161okis - staigmena\t\t\t<\/h1>\n\t\t\t\t\t\t\t<p class=\"mkdf-st-text\" style=\"font-size: 18px;line-height: 27px;font-weight: 300\">\n\t\t\t\tKvie\u010diame jaunaved\u017eius \u012f \u0161oki\u0173 pamokas! Tik nepakartojama j\u016bs\u0173 meil\u0117s istorija ir kvalifikuoto choregrafo profesionalumas padarys j\u012f i\u0161ties nuostabiu vestuviniu \u012fvykiu. <\/br>\nGalime sukurti miks\u0105 i\u0161 j\u016bs\u0173 megstamiausi\u0173 melodij\u0173.\t\t\t<\/p>\n\t\t\t\t\t<\/div>\n<\/div>\t\t\t\t<\/div>\n\t\t\t\t<\/div>\n\t\t\t\t<div class=\"elementor-element elementor-element-9417c65 elementor-widget elementor-widget-mkdf_button\" data-id=\"9417c65\" data-element_type=\"widget\" data-e-type=\"widget\" data-widget_type=\"mkdf_button.default\">\n\t\t\t\t<div class=\"elementor-widget-container\">\n\t\t\t\t\t<div class=\"mkdf-btn-outer-holder mkdf-btn-outer-simple mkdf-btn-outer-medium\" >\n    <a itemprop=\"url\" href=\"https:\/\/www.facebook.com\/people\/Vestuvinis-%C5%A1okis-Modus-Dance-studija\/100063483909389\/\" target=\"_self\" style=\"padding: \" class=\"mkdf-btn mkdf-btn-medium mkdf-btn-simple mkdf-btn-icon\"  0=\"padding: \">\n        <span class=\"mkdf-btn-text\">Sekite mus Facebook grup\u0117je<\/span>\n        <i class=\"mkdf-icon-ion-icon ion-ios-redo-outline \" ><\/i>    <\/a>\n    <div class=\"mkdf-btn-top-line\" ><\/div>\n    <div class=\"mkdf-btn-right-line\" ><\/div>\n    <div class=\"mkdf-btn-bottom-line\" ><\/div>\n    <div class=\"mkdf-btn-left-line\" ><\/div>\n<\/div>\t\t\t\t<\/div>\n\t\t\t\t<\/div>\n\t\t\t\t\t<\/div>\n\t\t<\/div>\n\t\t\t\t<div class=\"elementor-column elementor-col-50 elementor-top-column elementor-element elementor-element-615413c\" data-id=\"615413c\" data-element_type=\"column\" data-e-type=\"column\">\n\t\t\t<div class=\"elementor-widget-wrap elementor-element-populated\">\n\t\t\t\t\t\t<div class=\"elementor-element elementor-element-97b890c elementor-widget elementor-widget-mkdf_video_button\" data-id=\"97b890c\" data-element_type=\"widget\" data-e-type=\"widget\" data-widget_type=\"mkdf_video_button.default\">\n\t\t\t\t<div class=\"elementor-widget-container\">\n\t\t\t\t\t<div class=\"mkdf-video-button-holder  mkdf-vb-has-img\">\n\t<div class=\"mkdf-video-button-image\">\n\t\t<img fetchpriority=\"high\" decoding=\"async\" width=\"1280\" height=\"720\" src=\"https:\/\/www.modusdance.lt\/wp-content\/uploads\/2024\/08\/maxresdefault.jpg\" class=\"attachment-full size-full\" alt=\"Maxresdefault\" srcset=\"https:\/\/www.modusdance.lt\/wp-content\/uploads\/2024\/08\/maxresdefault.jpg 1280w, https:\/\/www.modusdance.lt\/wp-content\/uploads\/2024\/08\/maxresdefault-300x169.jpg 300w, https:\/\/www.modusdance.lt\/wp-content\/uploads\/2024\/08\/maxresdefault-1024x576.jpg 1024w, https:\/\/www.modusdance.lt\/wp-content\/uploads\/2024\/08\/maxresdefault-768x432.jpg 768w, https:\/\/www.modusdance.lt\/wp-content\/uploads\/2024\/08\/maxresdefault-18x10.jpg 18w\" sizes=\"(max-width: 1280px) 100vw, 1280px\" \/>\t<\/div>\n\t\t\t<a class=\"mkdf-video-button-play\" style=\"color: #FFFFFF;font-size: 75px\" href=\"https:\/\/www.youtube.com\/watch?v=_iiFTY8NaVI?iframe=true\" data-rel=\"prettyPhoto[video_button_pretty_photo_587]\">\n\t\t\t<span class=\"mkdf-video-button-play-inner\">\n\t\t\t\t<svg version=\"1.1\" x=\"0px\" y=\"0px\" width=\"75px\" height=\"75px\"\n\t\t\t\t\tviewBox=\"0 0 75 75\" style=\"enable-background:new 0 0 75 75;\" xml:space=\"preserve\">\n\t\t\t\t<path d=\"M37.5,1C17.3,1,1,17.3,1,37.5S17.3,74,37.5,74S74,57.7,74,37.5S57.6,1,37.5,1z M30.5,50.5v-26l20,13L30.5,50.5z\n\t\t\t\t\t\"\/>\n\t\t\t\t<\/svg>\n\t\t\t<\/span>\n\t\t<\/a>\n\t<\/div>\t\t\t\t<\/div>\n\t\t\t\t<\/div>\n\t\t\t\t\t<\/div>\n\t\t<\/div>\n\t\t\t\t\t<\/div>\n\t\t<\/section>\n\t\t<div class=\"elementor-element elementor-element-84ce0dd e-grid e-con-boxed e-con e-parent\" data-id=\"84ce0dd\" data-element_type=\"container\" data-e-type=\"container\">\n\t\t\t\t\t<div class=\"e-con-inner\">\n\t\t<div class=\"elementor-element elementor-element-6f137c2 e-con-full e-flex e-con e-child\" data-id=\"6f137c2\" data-element_type=\"container\" data-e-type=\"container\">\n\t\t\t\t<div class=\"elementor-element elementor-element-08698fc elementor-widget elementor-widget-mkdf_video_button\" data-id=\"08698fc\" data-element_type=\"widget\" data-e-type=\"widget\" data-widget_type=\"mkdf_video_button.default\">\n\t\t\t\t<div class=\"elementor-widget-container\">\n\t\t\t\t\t<div class=\"mkdf-video-button-holder  mkdf-vb-has-img\">\n\t<div class=\"mkdf-video-button-image\">\n\t\t<img decoding=\"async\" width=\"1105\" height=\"574\" src=\"https:\/\/www.modusdance.lt\/wp-content\/uploads\/2024\/08\/Screenshot-2024-08-08-134531.jpg\" class=\"attachment-full size-full\" alt=\"Screenshot 2024 08 08 134531\" srcset=\"https:\/\/www.modusdance.lt\/wp-content\/uploads\/2024\/08\/Screenshot-2024-08-08-134531.jpg 1105w, https:\/\/www.modusdance.lt\/wp-content\/uploads\/2024\/08\/Screenshot-2024-08-08-134531-300x156.jpg 300w, https:\/\/www.modusdance.lt\/wp-content\/uploads\/2024\/08\/Screenshot-2024-08-08-134531-1024x532.jpg 1024w, https:\/\/www.modusdance.lt\/wp-content\/uploads\/2024\/08\/Screenshot-2024-08-08-134531-768x399.jpg 768w, https:\/\/www.modusdance.lt\/wp-content\/uploads\/2024\/08\/Screenshot-2024-08-08-134531-18x9.jpg 18w\" sizes=\"(max-width: 1105px) 100vw, 1105px\" \/>\t<\/div>\n\t\t\t<a class=\"mkdf-video-button-play\" style=\"color: #FFFFFF;font-size: 75px\" href=\"https:\/\/www.youtube.com\/watch?v=cdUSCzbvZe4?iframe=true\" data-rel=\"prettyPhoto[video_button_pretty_photo_758]\">\n\t\t\t<span class=\"mkdf-video-button-play-inner\">\n\t\t\t\t<svg version=\"1.1\" x=\"0px\" y=\"0px\" width=\"75px\" height=\"75px\"\n\t\t\t\t\tviewBox=\"0 0 75 75\" style=\"enable-background:new 0 0 75 75;\" xml:space=\"preserve\">\n\t\t\t\t<path d=\"M37.5,1C17.3,1,1,17.3,1,37.5S17.3,74,37.5,74S74,57.7,74,37.5S57.6,1,37.5,1z M30.5,50.5v-26l20,13L30.5,50.5z\n\t\t\t\t\t\"\/>\n\t\t\t\t<\/svg>\n\t\t\t<\/span>\n\t\t<\/a>\n\t<\/div>\t\t\t\t<\/div>\n\t\t\t\t<\/div>\n\t\t\t\t<\/div>\n\t\t<div class=\"elementor-element elementor-element-750e422 e-con-full e-flex e-con e-child\" data-id=\"750e422\" data-element_type=\"container\" data-e-type=\"container\">\n\t\t\t\t<div class=\"elementor-element elementor-element-801361f elementor-widget elementor-widget-mkdf_video_button\" data-id=\"801361f\" data-element_type=\"widget\" data-e-type=\"widget\" data-widget_type=\"mkdf_video_button.default\">\n\t\t\t\t<div class=\"elementor-widget-container\">\n\t\t\t\t\t<div class=\"mkdf-video-button-holder  mkdf-vb-has-img\">\n\t<div class=\"mkdf-video-button-image\">\n\t\t<img decoding=\"async\" width=\"1111\" height=\"581\" src=\"https:\/\/www.modusdance.lt\/wp-content\/uploads\/2024\/08\/Screenshot-2024-08-08-134826.jpg\" class=\"attachment-full size-full\" alt=\"Screenshot 2024 08 08 134826\" srcset=\"https:\/\/www.modusdance.lt\/wp-content\/uploads\/2024\/08\/Screenshot-2024-08-08-134826.jpg 1111w, https:\/\/www.modusdance.lt\/wp-content\/uploads\/2024\/08\/Screenshot-2024-08-08-134826-300x157.jpg 300w, https:\/\/www.modusdance.lt\/wp-content\/uploads\/2024\/08\/Screenshot-2024-08-08-134826-1024x536.jpg 1024w, https:\/\/www.modusdance.lt\/wp-content\/uploads\/2024\/08\/Screenshot-2024-08-08-134826-768x402.jpg 768w, https:\/\/www.modusdance.lt\/wp-content\/uploads\/2024\/08\/Screenshot-2024-08-08-134826-18x9.jpg 18w\" sizes=\"(max-width: 1111px) 100vw, 1111px\" \/>\t<\/div>\n\t\t\t<a class=\"mkdf-video-button-play\" style=\"color: #FFFFFF;font-size: 75px\" href=\"https:\/\/www.youtube.com\/watch?v=0YsiXP6v_6U?iframe=true\" data-rel=\"prettyPhoto[video_button_pretty_photo_666]\">\n\t\t\t<span class=\"mkdf-video-button-play-inner\">\n\t\t\t\t<svg version=\"1.1\" x=\"0px\" y=\"0px\" width=\"75px\" height=\"75px\"\n\t\t\t\t\tviewBox=\"0 0 75 75\" style=\"enable-background:new 0 0 75 75;\" xml:space=\"preserve\">\n\t\t\t\t<path d=\"M37.5,1C17.3,1,1,17.3,1,37.5S17.3,74,37.5,74S74,57.7,74,37.5S57.6,1,37.5,1z M30.5,50.5v-26l20,13L30.5,50.5z\n\t\t\t\t\t\"\/>\n\t\t\t\t<\/svg>\n\t\t\t<\/span>\n\t\t<\/a>\n\t<\/div>\t\t\t\t<\/div>\n\t\t\t\t<\/div>\n\t\t\t\t<\/div>\n\t\t\t\t\t<\/div>\n\t\t\t\t<\/div>\n\t\t<div class=\"elementor-element elementor-element-8bcefa5 e-flex e-con-boxed e-con e-parent\" data-id=\"8bcefa5\" data-element_type=\"container\" data-e-type=\"container\">\n\t\t\t\t\t<div class=\"e-con-inner\">\n\t\t\t\t<div class=\"elementor-element elementor-element-e7bcfe9 elementor-widget elementor-widget-qi_addons_for_elementor_image_gallery_masonry\" data-id=\"e7bcfe9\" data-element_type=\"widget\" data-e-type=\"widget\" data-widget_type=\"qi_addons_for_elementor_image_gallery_masonry.default\">\n\t\t\t\t<div class=\"elementor-widget-container\">\n\t\t\t\t\t<div class=\"qodef-shortcode qodef-m qodef-qi-image-gallery-masonry qodef-qi-fslightbox-popup qodef-popup-gallery qodef-image--hover-zoom qodef-qi-grid qodef-layout--qi-masonry qodef-items--fixed qodef-col-num--8 qodef-responsive--predefined\">\n\t<div class=\"qodef-grid-inner\">\n\t\t\t<div class=\"qodef-qi-grid-masonry-sizer\"><\/div>\n<div class=\"qodef-e qodef-image-wrapper qodef-grid-item qodef-item--\">\n\t<div class=\"qodef-e-inner\">\n\t\t\t\t\t<a class=\"qodef-popup-item\" itemprop=\"image\" href=\"https:\/\/www.modusdance.lt\/wp-content\/uploads\/2024\/08\/361217413_750039687122155_2320974393292204363_n.jpg\" data-type=\"image\" data-fslightbox=\"gallery-1\">\n\t\t\t\t\t<img loading=\"lazy\" decoding=\"async\" width=\"1026\" height=\"1138\" src=\"https:\/\/www.modusdance.lt\/wp-content\/uploads\/2024\/08\/361217413_750039687122155_2320974393292204363_n.jpg\" class=\"attachment- size-\" alt=\"361217413 750039687122155 2320974393292204363 N\" srcset=\"https:\/\/www.modusdance.lt\/wp-content\/uploads\/2024\/08\/361217413_750039687122155_2320974393292204363_n.jpg 1026w, https:\/\/www.modusdance.lt\/wp-content\/uploads\/2024\/08\/361217413_750039687122155_2320974393292204363_n-270x300.jpg 270w, https:\/\/www.modusdance.lt\/wp-content\/uploads\/2024\/08\/361217413_750039687122155_2320974393292204363_n-923x1024.jpg 923w, https:\/\/www.modusdance.lt\/wp-content\/uploads\/2024\/08\/361217413_750039687122155_2320974393292204363_n-768x852.jpg 768w, https:\/\/www.modusdance.lt\/wp-content\/uploads\/2024\/08\/361217413_750039687122155_2320974393292204363_n-11x12.jpg 11w\" sizes=\"(max-width: 1026px) 100vw, 1026px\" \/>\t\t\t\t\t<\/a>\n\t\t\t<\/div>\n<\/div>\n<div class=\"qodef-e qodef-image-wrapper qodef-grid-item qodef-item--\">\n\t<div class=\"qodef-e-inner\">\n\t\t\t\t\t<a class=\"qodef-popup-item\" itemprop=\"image\" href=\"https:\/\/www.modusdance.lt\/wp-content\/uploads\/2024\/08\/1-770.jpg\" data-type=\"image\" data-fslightbox=\"gallery-1\">\n\t\t\t\t\t<img loading=\"lazy\" decoding=\"async\" width=\"267\" height=\"400\" src=\"https:\/\/www.modusdance.lt\/wp-content\/uploads\/2024\/08\/1-770.jpg\" class=\"attachment- size-\" alt=\"1 770\" srcset=\"https:\/\/www.modusdance.lt\/wp-content\/uploads\/2024\/08\/1-770.jpg 267w, https:\/\/www.modusdance.lt\/wp-content\/uploads\/2024\/08\/1-770-200x300.jpg 200w, https:\/\/www.modusdance.lt\/wp-content\/uploads\/2024\/08\/1-770-8x12.jpg 8w\" sizes=\"(max-width: 267px) 100vw, 267px\" \/>\t\t\t\t\t<\/a>\n\t\t\t<\/div>\n<\/div>\n<div class=\"qodef-e qodef-image-wrapper qodef-grid-item qodef-item--\">\n\t<div class=\"qodef-e-inner\">\n\t\t\t\t\t<a class=\"qodef-popup-item\" itemprop=\"image\" href=\"https:\/\/www.modusdance.lt\/wp-content\/uploads\/2024\/08\/1-775.jpg\" data-type=\"image\" data-fslightbox=\"gallery-1\">\n\t\t\t\t\t<img loading=\"lazy\" decoding=\"async\" width=\"600\" height=\"400\" src=\"https:\/\/www.modusdance.lt\/wp-content\/uploads\/2024\/08\/1-775.jpg\" class=\"attachment- size-\" alt=\"1 775\" srcset=\"https:\/\/www.modusdance.lt\/wp-content\/uploads\/2024\/08\/1-775.jpg 600w, https:\/\/www.modusdance.lt\/wp-content\/uploads\/2024\/08\/1-775-300x200.jpg 300w, https:\/\/www.modusdance.lt\/wp-content\/uploads\/2024\/08\/1-775-18x12.jpg 18w\" sizes=\"(max-width: 600px) 100vw, 600px\" \/>\t\t\t\t\t<\/a>\n\t\t\t<\/div>\n<\/div>\n<div class=\"qodef-e qodef-image-wrapper qodef-grid-item qodef-item--\">\n\t<div class=\"qodef-e-inner\">\n\t\t\t\t\t<a class=\"qodef-popup-item\" itemprop=\"image\" href=\"https:\/\/www.modusdance.lt\/wp-content\/uploads\/2024\/08\/img_9008-922x1024-1.jpg\" data-type=\"image\" data-fslightbox=\"gallery-1\">\n\t\t\t\t\t<img loading=\"lazy\" decoding=\"async\" width=\"922\" height=\"1024\" src=\"https:\/\/www.modusdance.lt\/wp-content\/uploads\/2024\/08\/img_9008-922x1024-1.jpg\" class=\"attachment- size-\" alt=\"Img 9008 922x1024\" srcset=\"https:\/\/www.modusdance.lt\/wp-content\/uploads\/2024\/08\/img_9008-922x1024-1.jpg 922w, https:\/\/www.modusdance.lt\/wp-content\/uploads\/2024\/08\/img_9008-922x1024-1-270x300.jpg 270w, https:\/\/www.modusdance.lt\/wp-content\/uploads\/2024\/08\/img_9008-922x1024-1-768x853.jpg 768w, https:\/\/www.modusdance.lt\/wp-content\/uploads\/2024\/08\/img_9008-922x1024-1-11x12.jpg 11w\" sizes=\"(max-width: 922px) 100vw, 922px\" \/>\t\t\t\t\t<\/a>\n\t\t\t<\/div>\n<\/div>\n<div class=\"qodef-e qodef-image-wrapper qodef-grid-item qodef-item--\">\n\t<div class=\"qodef-e-inner\">\n\t\t\t\t\t<a class=\"qodef-popup-item\" itemprop=\"image\" href=\"https:\/\/www.modusdance.lt\/wp-content\/uploads\/2024\/08\/raimondo-foto-tel-860044172-1594-683x1024-1.jpg\" data-type=\"image\" data-fslightbox=\"gallery-1\">\n\t\t\t\t\t<img loading=\"lazy\" decoding=\"async\" width=\"683\" height=\"1024\" src=\"https:\/\/www.modusdance.lt\/wp-content\/uploads\/2024\/08\/raimondo-foto-tel-860044172-1594-683x1024-1.jpg\" class=\"attachment- size-\" alt=\"Raimondo Foto Tel 860044172 1594 683x1024\" srcset=\"https:\/\/www.modusdance.lt\/wp-content\/uploads\/2024\/08\/raimondo-foto-tel-860044172-1594-683x1024-1.jpg 683w, https:\/\/www.modusdance.lt\/wp-content\/uploads\/2024\/08\/raimondo-foto-tel-860044172-1594-683x1024-1-200x300.jpg 200w, https:\/\/www.modusdance.lt\/wp-content\/uploads\/2024\/08\/raimondo-foto-tel-860044172-1594-683x1024-1-8x12.jpg 8w\" sizes=\"(max-width: 683px) 100vw, 683px\" \/>\t\t\t\t\t<\/a>\n\t\t\t<\/div>\n<\/div>\n<div class=\"qodef-e qodef-image-wrapper qodef-grid-item qodef-item--\">\n\t<div class=\"qodef-e-inner\">\n\t\t\t\t\t<a class=\"qodef-popup-item\" itemprop=\"image\" href=\"https:\/\/www.modusdance.lt\/wp-content\/uploads\/2024\/08\/maxresdefault.jpg\" data-type=\"image\" data-fslightbox=\"gallery-1\">\n\t\t\t\t\t<img loading=\"lazy\" decoding=\"async\" width=\"1280\" height=\"720\" src=\"https:\/\/www.modusdance.lt\/wp-content\/uploads\/2024\/08\/maxresdefault.jpg\" class=\"attachment- size-\" alt=\"Maxresdefault\" srcset=\"https:\/\/www.modusdance.lt\/wp-content\/uploads\/2024\/08\/maxresdefault.jpg 1280w, https:\/\/www.modusdance.lt\/wp-content\/uploads\/2024\/08\/maxresdefault-300x169.jpg 300w, https:\/\/www.modusdance.lt\/wp-content\/uploads\/2024\/08\/maxresdefault-1024x576.jpg 1024w, https:\/\/www.modusdance.lt\/wp-content\/uploads\/2024\/08\/maxresdefault-768x432.jpg 768w, https:\/\/www.modusdance.lt\/wp-content\/uploads\/2024\/08\/maxresdefault-18x10.jpg 18w\" sizes=\"(max-width: 1280px) 100vw, 1280px\" \/>\t\t\t\t\t<\/a>\n\t\t\t<\/div>\n<\/div>\n\t<\/div>\n<\/div>\n\t\t\t\t<\/div>\n\t\t\t\t<\/div>\n\t\t\t\t\t<\/div>\n\t\t\t\t<\/div>\n\t\t\t\t<section class=\"elementor-section elementor-top-section elementor-element elementor-element-c909dcd mkdf-elementor-row-grid-section elementor-section-full_width elementor-section-stretched elementor-section-height-default elementor-section-height-default mkdf-parallax-row-no mkdf-content-aligment-left mkdf-disabled-bg-image-bellow-no mkdf-row-btt-light\" data-id=\"c909dcd\" data-element_type=\"section\" data-e-type=\"section\" data-settings=\"{&quot;background_background&quot;:&quot;classic&quot;,&quot;stretch_section&quot;:&quot;section-stretched&quot;}\">\n\t\t\t\t\t\t<div class=\"elementor-container elementor-column-gap-default\">\n\t\t\t\t\t<div class=\"elementor-column elementor-col-100 elementor-top-column elementor-element elementor-element-dc5980a\" data-id=\"dc5980a\" data-element_type=\"column\" data-e-type=\"column\">\n\t\t\t<div class=\"elementor-widget-wrap elementor-element-populated\">\n\t\t\t\t\t\t<div class=\"elementor-element elementor-element-d42ab58 elementor-widget elementor-widget-mkdf_icon_with_text\" data-id=\"d42ab58\" data-element_type=\"widget\" data-e-type=\"widget\" data-widget_type=\"mkdf_icon_with_text.default\">\n\t\t\t\t<div class=\"elementor-widget-container\">\n\t\t\t\t\t<div class=\"mkdf-iwt clearfix  mkdf-iwt-icon-left mkdf-iwt-icon-tiny\">\n\t<div class=\"mkdf-iwt-icon\">\n\t\t\t\t\t<a itemprop=\"url\" href=\"https:\/\/www.instagram.com\/modusdance\/?hl=en\" target=\"_blank\">\n\t\t\t\t\t\t\t\t\t    <span class=\"mkdf-icon-shortcode mkdf-normal   mkdf-icon-tiny\"  data-color=\"#FFFFFF\">\n                    <i class=\"mkdf-icon-simple-line-icon icon-social-instagram mkdf-icon-element\" style=\"color: #FFFFFF\" ><\/i>            <\/span>\n\t\t\t\t\t\t\t\t<\/a>\n\t\t\t<\/div>\n\t<div class=\"mkdf-iwt-content\" >\n\t\t\t\t\t<h5 class=\"mkdf-iwt-title\" style=\"color: #FFFFFF;margin-top: 4px\">\n\t\t\t\t\t\t\t\t\t<a itemprop=\"url\" href=\"https:\/\/www.instagram.com\/modusdance\/?hl=en\" target=\"_blank\">\n\t\t\t\t\t\t\t\t<span class=\"mkdf-iwt-title-text\">SEKITE MUS INSTAGRAME @modusdance<\/span>\n\t\t\t\t\t\t\t\t\t<\/a>\n\t\t\t\t\t\t\t<\/h5>\n\t\t\t\t\t<\/div>\n<\/div>\t\t\t\t<\/div>\n\t\t\t\t<\/div>\n\t\t\t\t<div class=\"elementor-element elementor-element-a317115 elementor-widget__width-inherit elementor-widget elementor-widget-image-carousel\" data-id=\"a317115\" data-element_type=\"widget\" data-e-type=\"widget\" data-settings=\"{&quot;slides_to_show&quot;:&quot;8&quot;,&quot;navigation&quot;:&quot;none&quot;,&quot;speed&quot;:500}\" data-widget_type=\"image-carousel.default\">\n\t\t\t\t<div class=\"elementor-widget-container\">\n\t\t\t\t\t\t\t<div class=\"elementor-image-carousel-wrapper swiper\" role=\"region\" aria-roledescription=\"carousel\" aria-label=\"Image Carousel\" dir=\"ltr\">\n\t\t\t<div class=\"elementor-image-carousel swiper-wrapper\" aria-live=\"polite\">\n\t\t\t\t\t\t\t\t<div class=\"swiper-slide\" role=\"group\" aria-roledescription=\"slide\" aria-label=\"1 of 8\"><figure class=\"swiper-slide-inner\"><img decoding=\"async\" class=\"swiper-slide-image\" src=\"https:\/\/www.modusdance.lt\/wp-content\/uploads\/2024\/07\/447740312_1208260010549402_52647078092269389_n.jpg\" alt=\"447740312_1208260010549402_52647078092269389_n\" \/><\/figure><\/div><div class=\"swiper-slide\" role=\"group\" aria-roledescription=\"slide\" aria-label=\"2 of 8\"><figure class=\"swiper-slide-inner\"><img decoding=\"async\" class=\"swiper-slide-image\" src=\"https:\/\/www.modusdance.lt\/wp-content\/uploads\/2024\/07\/447944664_1667240934090626_7557441876207814174_n.jpg\" alt=\"447944664_1667240934090626_7557441876207814174_n\" \/><\/figure><\/div><div class=\"swiper-slide\" role=\"group\" aria-roledescription=\"slide\" aria-label=\"3 of 8\"><figure class=\"swiper-slide-inner\"><img decoding=\"async\" class=\"swiper-slide-image\" src=\"https:\/\/www.modusdance.lt\/wp-content\/uploads\/2024\/07\/447335772_1687520075325510_5598159842306644678_n.jpg\" alt=\"447335772_1687520075325510_5598159842306644678_n\" \/><\/figure><\/div><div class=\"swiper-slide\" role=\"group\" aria-roledescription=\"slide\" aria-label=\"4 of 8\"><figure class=\"swiper-slide-inner\"><img decoding=\"async\" class=\"swiper-slide-image\" src=\"https:\/\/www.modusdance.lt\/wp-content\/uploads\/2024\/07\/447907474_1154812542226647_4427433484319085163_n.jpg\" alt=\"447907474_1154812542226647_4427433484319085163_n\" \/><\/figure><\/div><div class=\"swiper-slide\" role=\"group\" aria-roledescription=\"slide\" aria-label=\"5 of 8\"><figure class=\"swiper-slide-inner\"><img decoding=\"async\" class=\"swiper-slide-image\" src=\"https:\/\/www.modusdance.lt\/wp-content\/uploads\/2024\/07\/447563980_1196483401343593_8968681730178241501_n.jpg\" alt=\"447563980_1196483401343593_8968681730178241501_n\" \/><\/figure><\/div><div class=\"swiper-slide\" role=\"group\" aria-roledescription=\"slide\" aria-label=\"6 of 8\"><figure class=\"swiper-slide-inner\"><img decoding=\"async\" class=\"swiper-slide-image\" src=\"https:\/\/www.modusdance.lt\/wp-content\/uploads\/2024\/07\/447911798_1045336303629832_7967576988185567082_n.jpg\" alt=\"447911798_1045336303629832_7967576988185567082_n\" \/><\/figure><\/div><div class=\"swiper-slide\" role=\"group\" aria-roledescription=\"slide\" aria-label=\"7 of 8\"><figure class=\"swiper-slide-inner\"><img decoding=\"async\" class=\"swiper-slide-image\" src=\"https:\/\/www.modusdance.lt\/wp-content\/uploads\/2024\/07\/447752408_474071385085126_8152353054068583379_n.jpg\" alt=\"447752408_474071385085126_8152353054068583379_n\" \/><\/figure><\/div><div class=\"swiper-slide\" role=\"group\" aria-roledescription=\"slide\" aria-label=\"8 of 8\"><figure class=\"swiper-slide-inner\"><img decoding=\"async\" class=\"swiper-slide-image\" src=\"https:\/\/www.modusdance.lt\/wp-content\/uploads\/2024\/07\/447901571_432519412966169_3017419624573118341_n-1.jpg\" alt=\"447901571_432519412966169_3017419624573118341_n\" \/><\/figure><\/div>\t\t\t<\/div>\n\t\t\t\t\t\t\t\n\t\t\t\t\t\t\t\t\t<\/div>\n\t\t\t\t\t\t<\/div>\n\t\t\t\t<\/div>\n\t\t\t\t\t<\/div>\n\t\t<\/div>\n\t\t\t\t\t<\/div>\n\t\t<\/section>\n\t\t\t\t<\/div>\n\t\t","protected":false},"excerpt":{"rendered":"<p>Vestuvinis \u0161okis &#8211; staigmena Kvie\u010diame jaunaved\u017eius \u012f \u0161oki\u0173 pamokas! Tik nepakartojama j\u016bs\u0173 meil\u0117s istorija ir kvalifikuoto choregrafo profesionalumas padarys j\u012f i\u0161ties nuostabiu vestuviniu \u012fvykiu. Galime sukurti miks\u0105 i\u0161 j\u016bs\u0173 megstamiausi\u0173 melodij\u0173. Sekite mus Facebook grup\u0117je SEKITE MUS INSTAGRAME @modusdance<\/p>","protected":false},"author":1,"featured_media":0,"parent":0,"menu_order":0,"comment_status":"closed","ping_status":"closed","template":"","meta":{"slim_seo":{"title":"Vestuvinis \u0161okis - Modus dance","description":"Vestuvinis \u0161okis - staigmena Kvie\u010diame jaunaved\u017eius \u012f \u0161oki\u0173 pamokas! Tik nepakartojama j\u016bs\u0173 meil\u0117s istorija ir kvalifikuoto choregrafo profesionalumas padarys j"},"footnotes":""},"class_list":["post-6140","page","type-page","status-publish","hentry"],"_links":{"self":[{"href":"https:\/\/www.modusdance.lt\/ru\/wp-json\/wp\/v2\/pages\/6140","targetHints":{"allow":["GET"]}}],"collection":[{"href":"https:\/\/www.modusdance.lt\/ru\/wp-json\/wp\/v2\/pages"}],"about":[{"href":"https:\/\/www.modusdance.lt\/ru\/wp-json\/wp\/v2\/types\/page"}],"author":[{"embeddable":true,"href":"https:\/\/www.modusdance.lt\/ru\/wp-json\/wp\/v2\/users\/1"}],"replies":[{"embeddable":true,"href":"https:\/\/www.modusdance.lt\/ru\/wp-json\/wp\/v2\/comments?post=6140"}],"version-history":[{"count":13,"href":"https:\/\/www.modusdance.lt\/ru\/wp-json\/wp\/v2\/pages\/6140\/revisions"}],"predecessor-version":[{"id":6407,"href":"https:\/\/www.modusdance.lt\/ru\/wp-json\/wp\/v2\/pages\/6140\/revisions\/6407"}],"wp:attachment":[{"href":"https:\/\/www.modusdance.lt\/ru\/wp-json\/wp\/v2\/media?parent=6140"}],"curies":[{"name":"wp","href":"https:\/\/api.w.org\/{rel}","templated":true}]}}