{"id":4873,"date":"2024-07-25T11:01:34","date_gmt":"2024-07-25T08:01:34","guid":{"rendered":"https:\/\/www.modusdance.lt\/?page_id=4873"},"modified":"2025-08-28T10:45:51","modified_gmt":"2025-08-28T07:45:51","slug":"registracija","status":"publish","type":"page","link":"https:\/\/www.modusdance.lt\/ru\/registracija\/","title":{"rendered":"Registracija"},"content":{"rendered":"\t\t<div data-elementor-type=\"wp-page\" data-elementor-id=\"4873\" class=\"elementor elementor-4873\" data-elementor-post-type=\"page\">\n\t\t\t\t<div class=\"elementor-element elementor-element-051a696 e-flex e-con-boxed e-con e-parent\" data-id=\"051a696\" data-element_type=\"container\" data-e-type=\"container\">\n\t\t\t\t\t<div class=\"e-con-inner\">\n\t\t\t\t<div class=\"elementor-element elementor-element-862c8f6 elementor-widget__width-inherit elementor-widget elementor-widget-html\" data-id=\"862c8f6\" data-element_type=\"widget\" data-e-type=\"widget\" data-widget_type=\"html.default\">\n\t\t\t\t<div class=\"elementor-widget-container\">\n\t\t\t\t\t<iframe src=\"https:\/\/embed.exoclass.com\/lt\/embed\/provider\/f4a8dd45-2e46-436b-a341-2bbb0c40e80a\/group-management\" width=\"100%\" height=\"850\" frameborder=\"0\" allowfullscreen=\"\" loading=\"lazy\" title=\"Registracija\" style=\"height: 1000px;\">><\/iframe>\t\t\t\t<\/div>\n\t\t\t\t<\/div>\n\t\t\t\t\t<\/div>\n\t\t\t\t<\/div>\n\t\t<div class=\"mkdf-elementor-row mkdf-row-with-bg-text\" style=\"\">\t\t<section class=\"elementor-section elementor-top-section elementor-element elementor-element-d59330e mkdf-elementor-row-grid-section elementor-section-full_width elementor-section-stretched elementor-hidden-desktop elementor-hidden-tablet elementor-hidden-mobile elementor-section-height-default elementor-section-height-default mkdf-parallax-row-no mkdf-content-aligment-left mkdf-disabled-bg-image-bellow-no mkdf-row-btt-light\" data-id=\"d59330e\" data-element_type=\"section\" data-e-type=\"section\" data-settings=\"{&quot;stretch_section&quot;:&quot;section-stretched&quot;}\">\n\t\t\t\t\t\t<div class=\"elementor-container elementor-column-gap-default\">\n\t\t\t\t\t<div class=\"elementor-column elementor-col-50 elementor-top-column elementor-element elementor-element-10eeb2\" data-id=\"10eeb2\" data-element_type=\"column\" data-e-type=\"column\">\n\t\t\t<div class=\"elementor-widget-wrap elementor-element-populated\">\n\t\t\t\t\t\t<div class=\"elementor-element elementor-element-5daae1d3 elementor-widget elementor-widget-mkdf_section_title\" data-id=\"5daae1d3\" data-element_type=\"widget\" data-e-type=\"widget\" data-widget_type=\"mkdf_section_title.default\">\n\t\t\t\t<div class=\"elementor-widget-container\">\n\t\t\t\t\t\n<div class=\"mkdf-section-title-holder  \" style=\"text-align: left\">\n\t<div class=\"mkdf-st-inner\">\n\t\t\t\t\t<h1 class=\"mkdf-st-title\" >\n\t\t\t\t\t\t\t\tD\u0117mesio! Kvie\u010diame visus norin\u010dius prisijungti prie m\u016bs\u0173!\t\t\t<\/h1>\n\t\t\t\t\t\t\t<p class=\"mkdf-st-text\" style=\"font-size: 18px;line-height: 27px;font-weight: 300;margin-top: 24px\">\n\t\t\t\tM\u0117gsti \u0161okti? Ateik pas mus \u012f Modus Dance studij\u0105 ir tapk m\u016bs\u0173 didel\u0117s \u0161eimos nariu! Mes su mielu noru priimsim tave \u012f savo komand\u0105. Tav\u0119s laukia koncertai, \u010dempionatai, TV projektai, filmavimai ir tiesiog nerealus laiko praleidimas!\nPirmoji pamoka nemokama.\nStartuojame rugs\u0117j\u012f!\n\t\t\t<\/p>\n\t\t\t\t\t<\/div>\n<\/div>\t\t\t\t<\/div>\n\t\t\t\t<\/div>\n\t\t\t\t<section class=\"elementor-section elementor-inner-section elementor-element elementor-element-2ac3016f elementor-section-boxed elementor-section-height-default elementor-section-height-default mkdf-parallax-row-no mkdf-content-aligment-left mkdf-elementor-row-grid-no mkdf-disabled-bg-image-bellow-no mkdf-row-btt-light\" data-id=\"2ac3016f\" data-element_type=\"section\" data-e-type=\"section\">\n\t\t\t\t\t\t<div class=\"elementor-container elementor-column-gap-default\">\n\t\t\t\t\t<div class=\"elementor-column elementor-col-100 elementor-inner-column elementor-element elementor-element-5bad2843\" data-id=\"5bad2843\" data-element_type=\"column\" data-e-type=\"column\">\n\t\t\t<div class=\"elementor-widget-wrap elementor-element-populated\">\n\t\t\t\t\t\t<div class=\"elementor-element elementor-element-363fdaa6 elementor-widget elementor-widget-text-editor\" data-id=\"363fdaa6\" data-element_type=\"widget\" data-e-type=\"widget\" data-widget_type=\"text-editor.default\">\n\t\t\t\t<div class=\"elementor-widget-container\">\n\t\t\t\t\t\t\t\t\t<p>Registracija vyksta vis\u0105 vasar\u0105: <a href=\"https:\/\/modusdance.lt\/registracija\/\">modusdance.lt\/registracija\/\u00a0<\/a><\/p><p>Telefonas pasiteirauti: <a href=\"http:\/\/+37067005425\" data-wplink-url-error=\"true\">+370 670 05 425<\/a><\/p><p>Ra\u0161ykite el. pa\u0161tu: <a href=\"info@modusdance.lt\">info@modusdance.lt<\/a><\/p>\t\t\t\t\t\t\t\t<\/div>\n\t\t\t\t<\/div>\n\t\t\t\t\t<\/div>\n\t\t<\/div>\n\t\t\t\t\t<\/div>\n\t\t<\/section>\n\t\t\t\t\t<\/div>\n\t\t<\/div>\n\t\t\t\t<div class=\"elementor-column elementor-col-50 elementor-top-column elementor-element elementor-element-42763f1b\" data-id=\"42763f1b\" data-element_type=\"column\" data-e-type=\"column\">\n\t\t\t<div class=\"elementor-widget-wrap elementor-element-populated\">\n\t\t\t\t\t\t<div class=\"elementor-element elementor-element-606a719a elementor-widget__width-initial elementor-widget elementor-widget-mkdf_cf7\" data-id=\"606a719a\" data-element_type=\"widget\" data-e-type=\"widget\" data-widget_type=\"mkdf_cf7.default\">\n\t\t\t\t<div class=\"elementor-widget-container\">\n\t\t\t\t\t    \n<div class=\"wpcf7 no-js\" id=\"wpcf7-f14-o1\" lang=\"lt-LT\" dir=\"ltr\" data-wpcf7-id=\"14\">\n<div class=\"screen-reader-response\"><p role=\"status\" aria-live=\"polite\" aria-atomic=\"true\"><\/p> <ul><\/ul><\/div>\n<form action=\"\/ru\/wp-json\/wp\/v2\/pages\/4873#wpcf7-f14-o1\" method=\"post\" class=\"wpcf7-form init default\" aria-label=\"Kontakt\u0173 forma\" novalidate=\"novalidate\" data-status=\"init\">\n<fieldset class=\"hidden-fields-container\"><input type=\"hidden\" name=\"_wpcf7\" value=\"14\" \/><input type=\"hidden\" name=\"_wpcf7_version\" value=\"6.1.5\" \/><input type=\"hidden\" name=\"_wpcf7_locale\" value=\"lt_LT\" \/><input type=\"hidden\" name=\"_wpcf7_unit_tag\" value=\"wpcf7-f14-o1\" \/><input type=\"hidden\" name=\"_wpcf7_container_post\" value=\"0\" \/><input type=\"hidden\" name=\"_wpcf7_posted_data_hash\" value=\"\" \/><input type=\"hidden\" name=\"_wpcf7cf_hidden_group_fields\" value=\"[]\" \/><input type=\"hidden\" name=\"_wpcf7cf_hidden_groups\" value=\"[]\" \/><input type=\"hidden\" name=\"_wpcf7cf_visible_groups\" value=\"[]\" \/><input type=\"hidden\" name=\"_wpcf7cf_repeaters\" value=\"[]\" \/><input type=\"hidden\" name=\"_wpcf7cf_steps\" value=\"{}\" \/><input type=\"hidden\" name=\"_wpcf7cf_options\" value=\"{&quot;form_id&quot;:14,&quot;conditions&quot;:[{&quot;then_field&quot;:&quot;grupe-seskine&quot;,&quot;and_rules&quot;:[{&quot;if_field&quot;:&quot;adresas&quot;,&quot;operator&quot;:&quot;equals&quot;,&quot;if_value&quot;:&quot;Ukmerg\\u0117s g. 222, \\u0160e\\u0161kin\\u0117&quot;}]},{&quot;then_field&quot;:&quot;grupe-vilnia&quot;,&quot;and_rules&quot;:[{&quot;if_field&quot;:&quot;adresas&quot;,&quot;operator&quot;:&quot;equals&quot;,&quot;if_value&quot;:&quot;Naujosios Vilnios kult\\u016bros centras gerov\\u0117s g. 1&quot;}]}],&quot;settings&quot;:{&quot;animation&quot;:&quot;yes&quot;,&quot;animation_intime&quot;:200,&quot;animation_outtime&quot;:200,&quot;conditions_ui&quot;:&quot;normal&quot;,&quot;notice_dismissed&quot;:false}}\" \/>\n<\/fieldset>\n<label> \u0160ok\u0117jo vardas\n    <span class=\"wpcf7-form-control-wrap\" data-name=\"sokejo-vardas\"><input size=\"40\" maxlength=\"400\" class=\"wpcf7-form-control wpcf7-text\" autocomplete=\"name\" aria-invalid=\"false\" value=\"\" type=\"text\" name=\"sokejo-vardas\" \/><\/span> <\/label>\n\n<label> \u0160ok\u0117jo pavard\u0117\n    <span class=\"wpcf7-form-control-wrap\" data-name=\"sokejo-pavarde\"><input size=\"40\" maxlength=\"400\" class=\"wpcf7-form-control wpcf7-text\" aria-invalid=\"false\" value=\"\" type=\"text\" name=\"sokejo-pavarde\" \/><\/span> <\/label>\n\n<label> \u0160ok\u0117jo gimimo data\n    <span class=\"wpcf7-form-control-wrap\" data-name=\"gimimo-data\"><input class=\"wpcf7-form-control wpcf7-date wpcf7-validates-as-date\" autocomplete=\"name\" aria-invalid=\"false\" value=\"\" type=\"date\" name=\"gimimo-data\" \/><\/span> <\/label>\n\n<label> J\u016bs\u0173 el. pa\u0161tas\n    <span class=\"wpcf7-form-control-wrap\" data-name=\"el-pastas\"><input size=\"40\" maxlength=\"400\" class=\"wpcf7-form-control wpcf7-email wpcf7-validates-as-required wpcf7-text wpcf7-validates-as-email\" autocomplete=\"email\" aria-required=\"true\" aria-invalid=\"false\" value=\"\" type=\"email\" name=\"el-pastas\" \/><\/span> <\/label>\n\n<label> Tel. numeris\n    <span class=\"wpcf7-form-control-wrap\" data-name=\"tel-nr\"><input size=\"40\" maxlength=\"400\" class=\"wpcf7-form-control wpcf7-tel wpcf7-validates-as-required wpcf7-text wpcf7-validates-as-tel\" autocomplete=\"phone\" aria-required=\"true\" aria-invalid=\"false\" value=\"\" type=\"tel\" name=\"tel-nr\" \/><\/span> <\/label>\n\n<label> Pasirinkite viet\u0105\n    <span class=\"wpcf7-form-control-wrap\" data-name=\"adresas\"><select class=\"wpcf7-form-control wpcf7-select\" aria-invalid=\"false\" name=\"adresas\"><option value=\"\">&#8212;Pra\u0161ome pasirinkti&#8212;<\/option><option value=\"Ukmerg\u0117s g. 222, \u0160e\u0161kin\u0117\">Ukmerg\u0117s g. 222, \u0160e\u0161kin\u0117<\/option><option value=\"Naujosios Vilnios kult\u016bros centras gerov\u0117s g. 1\">Naujosios Vilnios kult\u016bros centras gerov\u0117s g. 1<\/option><\/select><\/span> <\/label>\n<div data-id=\"grupe-vilnia\" data-orig_data_id=\"grupe-vilnia\"  class=\"\" data-class=\"wpcf7cf_group\">\n<label> Pasirinkite grup\u0119\n    <span class=\"wpcf7-form-control-wrap\" data-name=\"grupe_vilnia\"><select class=\"wpcf7-form-control wpcf7-select\" aria-invalid=\"false\" name=\"grupe_vilnia\"><option value=\"\">&#8212;Pra\u0161ome pasirinkti&#8212;<\/option><option value=\"Mini Kids (5-7 m.)\">Mini Kids (5-7 m.)<\/option><option value=\"Children (8-11 m.)\">Children (8-11 m.)<\/option><option value=\"Juniors (12-15 m.)\">Juniors (12-15 m.)<\/option><\/select><\/span> <\/label>\n<\/div>\n\n\n<div data-id=\"grupe-seskine\" data-orig_data_id=\"grupe-seskine\"  class=\"\" data-class=\"wpcf7cf_group\">\n<label> Pasirinkite grup\u0119\n    <span class=\"wpcf7-form-control-wrap\" data-name=\"grupe_seskine\"><select class=\"wpcf7-form-control wpcf7-select\" aria-invalid=\"false\" name=\"grupe_seskine\"><option value=\"\">&#8212;Pra\u0161ome pasirinkti&#8212;<\/option><option value=\"Mini Kids (5-7 m.)\">Mini Kids (5-7 m.)<\/option><option value=\"Kids Open (7-9 m.)\">Kids Open (7-9 m.)<\/option><option value=\"Kids Pro (7-9 m.)\">Kids Pro (7-9 m.)<\/option><option value=\"Children Open (10-12 m.)\">Children Open (10-12 m.)<\/option><option value=\"Children Pro (10-12 m.)\">Children Pro (10-12 m.)<\/option><option value=\"Juniors Open (12-15 m.)\">Juniors Open (12-15 m.)<\/option><option value=\"Juniors Pro (12-15 m.)\">Juniors Pro (12-15 m.)<\/option><option value=\"Production (Juniors + Adults) (13-20m.)\">Production (Juniors + Adults) (13-20m.)<\/option><option value=\"Adults (16-30m.)\">Adults (16-30m.)<\/option><option value=\"Banda (nuo 30m.)\">Banda (nuo 30m.)<\/option><option value=\"Strip Plastika\/ High Heels su Viktorija\">Strip Plastika\/ High Heels su Viktorija<\/option><option value=\"Commercial\/High heels su Karolina\">Commercial\/High heels su Karolina<\/option><option value=\"Kalanetika\">Kalanetika<\/option><\/select><\/span> <\/label>\n<\/div>\n\n\n\n<label> J\u016bs\u0173 \u017einut\u0117 (neprivaloma)\n    <span class=\"wpcf7-form-control-wrap\" data-name=\"zinute\"><textarea cols=\"40\" rows=\"10\" maxlength=\"2000\" class=\"wpcf7-form-control wpcf7-textarea\" aria-invalid=\"false\" name=\"zinute\"><\/textarea><\/span> <\/label>\n\n<span id=\"wpcf7-69ee3b756f737-wrapper\" class=\"wpcf7-form-control-wrap website-103-wrap\" style=\"display:none !important; visibility:hidden !important;\"><label for=\"wpcf7-69ee3b756f737-field\" class=\"hp-message\">Palikite \u0161\u012f lauk\u0105 tu\u0161\u010di\u0105.<\/label><input id=\"wpcf7-69ee3b756f737-field\"  class=\"wpcf7-form-control wpcf7-text\" type=\"text\" name=\"website-103\" value=\"\" size=\"40\" tabindex=\"-1\" autocomplete=\"new-password\" \/><\/span>\n\n<button class=\"wpcf7-form-control wpcf7-submit mkdf-btn mkdf-btn-medium mkdf-btn-solid\" type=\"submit\"><span class=\"mkdf-btn-text\">Pateikti<\/span><\/button><div class=\"wpcf7-response-output\" aria-hidden=\"true\"><\/div>\n<\/form>\n<\/div>\n\t\t\t\t<\/div>\n\t\t\t\t<\/div>\n\t\t\t\t\t<\/div>\n\t\t<\/div>\n\t\t\t\t\t<\/div>\n\t\t<\/section>\n\t\t<div class=\"mkdf-row-background-text-holder\"><div class=\"mkdf-row-background-text-wrapper  mkdf-row-background-text-vertical mkdf-row-background-text-animation mkdf-row-background-text-align-left\"><div class=\"mkdf-row-background-text-wrapper-inner\" style=\"font-size:180px;color:rgba(104, 104, 104, 0.2);-webkit-text-stroke-color:rgba(104, 104, 104, 0.2);text-align:left\" data-font-size-1440=140px><div class=\"mkdf-row-background-text-1\" style=\"-webkit-text-stroke-color: rgba(104, 104, 104, 0.2)\"><\/div><div class=\"mkdf-row-background-text-2\" style=\"-webkit-text-stroke-color: rgba(104, 104, 104, 0.2)\">PRISIJUNK!<\/div><\/div><\/div><\/div><\/div>\t\t<section class=\"elementor-section elementor-top-section elementor-element elementor-element-3487da85 mkdf-elementor-row-grid-section elementor-section-full_width elementor-section-stretched elementor-section-height-default elementor-section-height-default mkdf-parallax-row-no mkdf-content-aligment-left mkdf-disabled-bg-image-bellow-no mkdf-row-btt-light\" data-id=\"3487da85\" data-element_type=\"section\" data-e-type=\"section\" data-settings=\"{&quot;background_background&quot;:&quot;classic&quot;,&quot;stretch_section&quot;:&quot;section-stretched&quot;}\">\n\t\t\t\t\t\t<div class=\"elementor-container elementor-column-gap-default\">\n\t\t\t\t\t<div class=\"elementor-column elementor-col-100 elementor-top-column elementor-element elementor-element-735583b9\" data-id=\"735583b9\" data-element_type=\"column\" data-e-type=\"column\">\n\t\t\t<div class=\"elementor-widget-wrap elementor-element-populated\">\n\t\t\t\t\t\t<div class=\"elementor-element elementor-element-3a2bd972 elementor-widget elementor-widget-mkdf_icon_with_text\" data-id=\"3a2bd972\" data-element_type=\"widget\" data-e-type=\"widget\" data-widget_type=\"mkdf_icon_with_text.default\">\n\t\t\t\t<div class=\"elementor-widget-container\">\n\t\t\t\t\t<div class=\"mkdf-iwt clearfix  mkdf-iwt-icon-left mkdf-iwt-icon-tiny\">\n\t<div class=\"mkdf-iwt-icon\">\n\t\t\t\t\t<a itemprop=\"url\" href=\"https:\/\/www.instagram.com\/modusdance\/?hl=en\" target=\"_blank\">\n\t\t\t\t\t\t\t\t\t    <span class=\"mkdf-icon-shortcode mkdf-normal   mkdf-icon-tiny\"  data-color=\"#FFFFFF\">\n                    <i class=\"mkdf-icon-simple-line-icon icon-social-instagram mkdf-icon-element\" style=\"color: #FFFFFF\" ><\/i>            <\/span>\n\t\t\t\t\t\t\t\t<\/a>\n\t\t\t<\/div>\n\t<div class=\"mkdf-iwt-content\" >\n\t\t\t\t\t<h5 class=\"mkdf-iwt-title\" style=\"color: #FFFFFF;margin-top: 4px\">\n\t\t\t\t\t\t\t\t\t<a itemprop=\"url\" href=\"https:\/\/www.instagram.com\/modusdance\/?hl=en\" target=\"_blank\">\n\t\t\t\t\t\t\t\t<span class=\"mkdf-iwt-title-text\">SEKITE MUS INSTAGRAME @modusdance<\/span>\n\t\t\t\t\t\t\t\t\t<\/a>\n\t\t\t\t\t\t\t<\/h5>\n\t\t\t\t\t<\/div>\n<\/div>\t\t\t\t<\/div>\n\t\t\t\t<\/div>\n\t\t\t\t<div class=\"elementor-element elementor-element-61eeaa7c elementor-widget__width-inherit elementor-widget elementor-widget-image-carousel\" data-id=\"61eeaa7c\" data-element_type=\"widget\" data-e-type=\"widget\" data-settings=\"{&quot;slides_to_show&quot;:&quot;8&quot;,&quot;navigation&quot;:&quot;none&quot;,&quot;speed&quot;:500}\" data-widget_type=\"image-carousel.default\">\n\t\t\t\t<div class=\"elementor-widget-container\">\n\t\t\t\t\t\t\t<div class=\"elementor-image-carousel-wrapper swiper\" role=\"region\" aria-roledescription=\"carousel\" aria-label=\"Image Carousel\" dir=\"ltr\">\n\t\t\t<div class=\"elementor-image-carousel swiper-wrapper\" aria-live=\"polite\">\n\t\t\t\t\t\t\t\t<div class=\"swiper-slide\" role=\"group\" aria-roledescription=\"slide\" aria-label=\"1 \u0438\u0437 8\"><figure class=\"swiper-slide-inner\"><img decoding=\"async\" class=\"swiper-slide-image\" src=\"https:\/\/www.modusdance.lt\/wp-content\/uploads\/2024\/07\/447740312_1208260010549402_52647078092269389_n.jpg\" alt=\"447740312_1208260010549402_52647078092269389_n\" \/><\/figure><\/div><div class=\"swiper-slide\" role=\"group\" aria-roledescription=\"slide\" aria-label=\"2 \u0438\u0437 8\"><figure class=\"swiper-slide-inner\"><img decoding=\"async\" class=\"swiper-slide-image\" src=\"https:\/\/www.modusdance.lt\/wp-content\/uploads\/2024\/07\/447944664_1667240934090626_7557441876207814174_n.jpg\" alt=\"447944664_1667240934090626_7557441876207814174_n\" \/><\/figure><\/div><div class=\"swiper-slide\" role=\"group\" aria-roledescription=\"slide\" aria-label=\"3 \u0438\u0437 8\"><figure class=\"swiper-slide-inner\"><img decoding=\"async\" class=\"swiper-slide-image\" src=\"https:\/\/www.modusdance.lt\/wp-content\/uploads\/2024\/07\/447335772_1687520075325510_5598159842306644678_n.jpg\" alt=\"447335772_1687520075325510_5598159842306644678_n\" \/><\/figure><\/div><div class=\"swiper-slide\" role=\"group\" aria-roledescription=\"slide\" aria-label=\"4 \u0438\u0437 8\"><figure class=\"swiper-slide-inner\"><img decoding=\"async\" class=\"swiper-slide-image\" src=\"https:\/\/www.modusdance.lt\/wp-content\/uploads\/2024\/07\/447907474_1154812542226647_4427433484319085163_n.jpg\" alt=\"447907474_1154812542226647_4427433484319085163_n\" \/><\/figure><\/div><div class=\"swiper-slide\" role=\"group\" aria-roledescription=\"slide\" aria-label=\"5 \u0438\u0437 8\"><figure class=\"swiper-slide-inner\"><img decoding=\"async\" class=\"swiper-slide-image\" src=\"https:\/\/www.modusdance.lt\/wp-content\/uploads\/2024\/07\/447563980_1196483401343593_8968681730178241501_n.jpg\" alt=\"447563980_1196483401343593_8968681730178241501_n\" \/><\/figure><\/div><div class=\"swiper-slide\" role=\"group\" aria-roledescription=\"slide\" aria-label=\"6 \u0438\u0437 8\"><figure class=\"swiper-slide-inner\"><img decoding=\"async\" class=\"swiper-slide-image\" src=\"https:\/\/www.modusdance.lt\/wp-content\/uploads\/2024\/07\/447911798_1045336303629832_7967576988185567082_n.jpg\" alt=\"447911798_1045336303629832_7967576988185567082_n\" \/><\/figure><\/div><div class=\"swiper-slide\" role=\"group\" aria-roledescription=\"slide\" aria-label=\"7 \u0438\u0437 8\"><figure class=\"swiper-slide-inner\"><img decoding=\"async\" class=\"swiper-slide-image\" src=\"https:\/\/www.modusdance.lt\/wp-content\/uploads\/2024\/07\/447752408_474071385085126_8152353054068583379_n.jpg\" alt=\"447752408_474071385085126_8152353054068583379_n\" \/><\/figure><\/div><div class=\"swiper-slide\" role=\"group\" aria-roledescription=\"slide\" aria-label=\"8 \u0438\u0437 8\"><figure class=\"swiper-slide-inner\"><img decoding=\"async\" class=\"swiper-slide-image\" src=\"https:\/\/www.modusdance.lt\/wp-content\/uploads\/2024\/07\/447901571_432519412966169_3017419624573118341_n-1.jpg\" alt=\"447901571_432519412966169_3017419624573118341_n\" \/><\/figure><\/div>\t\t\t<\/div>\n\t\t\t\t\t\t\t\n\t\t\t\t\t\t\t\t\t<\/div>\n\t\t\t\t\t\t<\/div>\n\t\t\t\t<\/div>\n\t\t\t\t\t<\/div>\n\t\t<\/div>\n\t\t\t\t\t<\/div>\n\t\t<\/section>\n\t\t<div class=\"elementor-element elementor-element-97edb77 e-flex e-con-boxed e-con e-parent\" data-id=\"97edb77\" data-element_type=\"container\" data-e-type=\"container\">\n\t\t\t\t\t<div class=\"e-con-inner\">\n\t\t\t\t\t<\/div>\n\t\t\t\t<\/div>\n\t\t\t\t<\/div>\n\t\t","protected":false},"excerpt":{"rendered":"<p>> D\u0117mesio! Kvie\u010diame visus norin\u010dius prisijungti prie m\u016bs\u0173! M\u0117gsti \u0161okti? Ateik pas mus \u012f Modus Dance studij\u0105 ir tapk m\u016bs\u0173 didel\u0117s \u0161eimos nariu! Mes su mielu noru priimsim tave \u012f savo komand\u0105. Tav\u0119s laukia koncertai, \u010dempionatai, TV projektai, filmavimai ir [&hellip;]<\/p>\n","protected":false},"author":1,"featured_media":0,"parent":0,"menu_order":0,"comment_status":"closed","ping_status":"closed","template":"","meta":{"slim_seo":{"title":"Registracija - Modus dance","description":"> D\u0117mesio! Kvie\u010diame visus norin\u010dius prisijungti prie m\u016bs\u0173! M\u0117gsti \u0161okti? Ateik pas mus \u012f Modus Dance studij\u0105 ir tapk m\u016bs\u0173 didel\u0117s \u0161eimos nariu! Mes su mielu no"},"footnotes":""},"class_list":["post-4873","page","type-page","status-publish","hentry"],"_links":{"self":[{"href":"https:\/\/www.modusdance.lt\/ru\/wp-json\/wp\/v2\/pages\/4873","targetHints":{"allow":["GET"]}}],"collection":[{"href":"https:\/\/www.modusdance.lt\/ru\/wp-json\/wp\/v2\/pages"}],"about":[{"href":"https:\/\/www.modusdance.lt\/ru\/wp-json\/wp\/v2\/types\/page"}],"author":[{"embeddable":true,"href":"https:\/\/www.modusdance.lt\/ru\/wp-json\/wp\/v2\/users\/1"}],"replies":[{"embeddable":true,"href":"https:\/\/www.modusdance.lt\/ru\/wp-json\/wp\/v2\/comments?post=4873"}],"version-history":[{"count":59,"href":"https:\/\/www.modusdance.lt\/ru\/wp-json\/wp\/v2\/pages\/4873\/revisions"}],"predecessor-version":[{"id":6904,"href":"https:\/\/www.modusdance.lt\/ru\/wp-json\/wp\/v2\/pages\/4873\/revisions\/6904"}],"wp:attachment":[{"href":"https:\/\/www.modusdance.lt\/ru\/wp-json\/wp\/v2\/media?parent=4873"}],"curies":[{"name":"wp","href":"https:\/\/api.w.org\/{rel}","templated":true}]}}